{"id":12042,"date":"2025-07-14T14:23:16","date_gmt":"2025-07-14T14:23:16","guid":{"rendered":"https:\/\/evertecinc-com.plataformasegura.nubity.com\/contacto\/"},"modified":"2025-08-22T13:21:36","modified_gmt":"2025-08-22T13:21:36","slug":"contato","status":"publish","type":"page","link":"https:\/\/evertecinc.com\/pt-br\/contato\/","title":{"rendered":"Contato"},"content":{"rendered":"\t\t<div data-elementor-type=\"wp-page\" data-elementor-id=\"12042\" class=\"elementor elementor-12042 elementor-9718\" data-elementor-post-type=\"page\">\n\t\t\t\t<div class=\"elementor-element elementor-element-9f0752b e-con-full e-flex e-con e-parent\" data-id=\"9f0752b\" data-element_type=\"container\" data-settings=\"{&quot;background_background&quot;:&quot;classic&quot;}\">\n\t\t\t\t<\/div>\n\t\t<div class=\"elementor-element elementor-element-cf33df0 elementor-hidden-desktop elementor-hidden-tablet elementor-hidden-mobile e-flex e-con-boxed e-con e-parent\" data-id=\"cf33df0\" data-element_type=\"container\">\n\t\t\t\t\t<div class=\"e-con-inner\">\n\t\t<div class=\"elementor-element elementor-element-394890c e-con-full e-flex e-con e-child\" data-id=\"394890c\" data-element_type=\"container\">\n\t\t\t\t<div class=\"elementor-element elementor-element-3f39539 elementor-widget elementor-widget-text-editor\" data-id=\"3f39539\" data-element_type=\"widget\" data-widget_type=\"text-editor.default\">\n\t\t\t\t<div class=\"elementor-widget-container\">\n\t\t\t\t\t\t\t\t\t<p><span class=\"TextRun SCXW129475650 BCX0\" lang=\"PT-BR\" xml:lang=\"PT-BR\" data-contrast=\"auto\"><span class=\"NormalTextRun SCXW129475650 BCX0\">Entre em<\/span><\/span>\u00a0<span style=\"color: #ff6c0c\">contato<\/span><\/p>\n\t\t\t\t\t\t\t\t<\/div>\n\t\t\t\t<\/div>\n\t\t\t\t<\/div>\n\t\t<div class=\"elementor-element elementor-element-769e5d4 e-con-full e-flex e-con e-child\" data-id=\"769e5d4\" data-element_type=\"container\">\n\t\t\t\t<div class=\"elementor-element elementor-element-b3b55c9 elementor-widget elementor-widget-text-editor\" data-id=\"b3b55c9\" data-element_type=\"widget\" data-widget_type=\"text-editor.default\">\n\t\t\t\t<div class=\"elementor-widget-container\">\n\t\t\t\t\t\t\t\t\tTire suas d\u00favidas, explore possibilidades e transforme sua opera\u00e7\u00e3o com a Evertec.\t\t\t\t\t\t\t\t<\/div>\n\t\t\t\t<\/div>\n\t\t<div class=\"elementor-element elementor-element-d3493ee e-con-full e-flex e-con e-child\" data-id=\"d3493ee\" data-element_type=\"container\">\n\t\t\t\t<div class=\"elementor-element elementor-element-281641d btn-laranja-verde-icone elementor-align-left elementor-widget elementor-widget-button\" data-id=\"281641d\" data-element_type=\"widget\" data-widget_type=\"button.default\">\n\t\t\t\t<div class=\"elementor-widget-container\">\n\t\t\t\t\t\t\t\t\t<div class=\"elementor-button-wrapper\">\n\t\t\t\t\t<a class=\"elementor-button elementor-button-link elementor-size-sm\" href=\"https:\/\/evertecinc.com\/soporte\">\n\t\t\t\t\t\t<span class=\"elementor-button-content-wrapper\">\n\t\t\t\t\t\t<span class=\"elementor-button-icon\">\n\t\t\t\t\t\t\t<\/span>\n\t\t\t\t\t\t\t\t\t<span class=\"elementor-button-text\">Suporte<\/span>\n\t\t\t\t\t<\/span>\n\t\t\t\t\t<\/a>\n\t\t\t\t<\/div>\n\t\t\t\t\t\t\t\t<\/div>\n\t\t\t\t<\/div>\n\t\t\t\t<\/div>\n\t\t\t\t<\/div>\n\t\t\t\t\t<\/div>\n\t\t\t\t<\/div>\n\t\t<div class=\"elementor-element elementor-element-d81a144 e-flex e-con-boxed e-con e-parent\" data-id=\"d81a144\" data-element_type=\"container\" data-settings=\"{&quot;background_background&quot;:&quot;classic&quot;}\">\n\t\t\t\t\t<div class=\"e-con-inner\">\n\t\t\t\t<div class=\"elementor-element elementor-element-ac9faa2 elementor-mobile-align-left elementor-widget elementor-widget-button\" data-id=\"ac9faa2\" data-element_type=\"widget\" data-widget_type=\"button.default\">\n\t\t\t\t<div class=\"elementor-widget-container\">\n\t\t\t\t\t\t\t\t\t<div class=\"elementor-button-wrapper\">\n\t\t\t\t\t<a class=\"elementor-button elementor-size-sm\" role=\"button\">\n\t\t\t\t\t\t<span class=\"elementor-button-content-wrapper\">\n\t\t\t\t\t\t\t\t\t<span class=\"elementor-button-text\">Contato<\/span>\n\t\t\t\t\t<\/span>\n\t\t\t\t\t<\/a>\n\t\t\t\t<\/div>\n\t\t\t\t\t\t\t\t<\/div>\n\t\t\t\t<\/div>\n\t\t\t\t<div class=\"elementor-element elementor-element-6e7ed70 elementor-widget__width-initial elementor-widget elementor-widget-heading\" data-id=\"6e7ed70\" data-element_type=\"widget\" data-widget_type=\"heading.default\">\n\t\t\t\t<div class=\"elementor-widget-container\">\n\t\t\t\t\t<h1 class=\"elementor-heading-title elementor-size-default\">Pronto para levar seu neg\u00f3cio adiante?  <\/h1>\t\t\t\t<\/div>\n\t\t\t\t<\/div>\n\t\t\t\t<div class=\"elementor-element elementor-element-1c53db8 elementor-widget__width-initial elementor-widget elementor-widget-heading\" data-id=\"1c53db8\" data-element_type=\"widget\" data-widget_type=\"heading.default\">\n\t\t\t\t<div class=\"elementor-widget-container\">\n\t\t\t\t\t<p class=\"elementor-heading-title elementor-size-default\">Converse com nossos especialistas e descubra como nossas solu\u00e7\u00f5es podem impulsionar o crescimento da empresa<\/p>\t\t\t\t<\/div>\n\t\t\t\t<\/div>\n\t\t<div class=\"elementor-element elementor-element-91b64bc e-con-full form-box e-flex e-con e-child\" data-id=\"91b64bc\" data-element_type=\"container\" data-settings=\"{&quot;background_background&quot;:&quot;classic&quot;}\">\n\t\t\t\t<div class=\"elementor-element elementor-element-e3ea99e disable-sanitize elementor-widget elementor-widget-jet-listing-dynamic-field\" data-id=\"e3ea99e\" data-element_type=\"widget\" data-widget_type=\"jet-listing-dynamic-field.default\">\n\t\t\t\t<div class=\"elementor-widget-container\">\n\t\t\t\t\t<div class=\"jet-listing jet-listing-dynamic-field display-inline\"><div class=\"jet-listing-dynamic-field__inline-wrap\"><div class=\"jet-listing-dynamic-field__content\"><div role=\"main\" id=\"sq-fale-com-um-especialista-02a657c79a7295e38587\"><\/div><script data-jetpack-boost=\"ignore\" type=\"text\/javascript\" src=\"https:\/\/d335luupugsy2.cloudfront.net\/js\/rdstation-forms\/stable\/rdstation-forms.min.js\"><\/script><script data-jetpack-boost=\"ignore\" type=\"text\/javascript\"> new RDStationForms('sq-fale-com-um-especialista-02a657c79a7295e38587', 'UA-80722038-10').createForm();<\/script>\r\n\r\n<style> #rd-section-lr7s99y8 {\r\n    background-color: transparent !important;\r\n}\r\n#rd-form-lr7s99yf .bricks-form__input:not(textarea) {\r\n        width: 100%;\r\n    border-radius: var(--Radius-System-radius-none, 0px) 50px 50px 30px;\r\n    border: 1.5px solid var(--Border-quaternary, #FF6C0C);\r\n    background: var(--Background-secondary, #FFF);\r\n    padding: 16px 24px;\r\n    margin-bottom: 16px;\r\n    color: var(--Text-Body-secondary, #7D868C);\r\n    font-family: var(--Typography-Font-family-Body, Lato);\r\n    font-size: var(--Typography-Font-size-16, 16px);\r\n    font-style: normal;\r\n    font-weight: 400;\r\n    line-height: 140%;\r\n    height: 100%;\r\n}\r\n#rd-form-lr7s99yf .bricks-form__input {\r\n            width: 100%;\r\n    border-radius: 8px;\r\n    border: 1.5px solid var(--Border-quaternary, #FF6C0C);\r\n    background: var(--Background-secondary, #FFF);\r\n    padding: 16px 24px;\r\n    margin-bottom: 16px;\r\n    color: var(--Text-Body-secondary, #7D868C);\r\n    font-family: var(--Typography-Font-family-Body, Lato);\r\n    font-size: var(--Typography-Font-size-16, 16px);\r\n    font-style: normal;\r\n    font-weight: 400;\r\n    line-height: 140%;\r\n    height: 100%;\r\n}\r\n\r\n#rd-text_area_field-hqzj03NRGy3ZeZ0pJ2hB8w {\r\nheight: 180px !important;\r\n}\r\n\r\n\r\n.bricks-form__field:has(#rd-select_field-z56flv4Q07HpuJA6ACZT0w) {\r\n  width: 100% !important;\r\n}\r\n\r\n#rd-form-lr7s99yf .bricks-form__label {\r\ncolor: var(--Text-Body-tertiary, #FFF);\r\nfont-family: var(--Typography-Font-family-Body, Lato);\r\nfont-size: var(--Typography-Font-size-16, 16px);\r\nfont-style: normal;\r\nfont-weight: 400;\r\nline-height: 140%;\r\n}\r\n\r\n#rd-button-lr7s99yj.bricks--component-button {\r\n    display: flex;\r\npadding: var(--Spacing-System-spacing-lg, 12px) var(--Spacing-System-spacing-xl, 16px) var(--Spacing-System-spacing-lg, 12px) var(--Spacing-System-spacing-3xl, 24px);\r\njustify-content: center;\r\nalign-items: center;\r\ngap: var(--Spacing-System-spacing-md, 8px);\r\nborder-radius: var(--Radius-System-radius-none, 0px) var(--Radius-System-radius-5xl, 32px) var(--Radius-System-radius-5xl, 32px) var(--Radius-System-radius-4xl, 24px);\r\nbackground: var(--Background-alternate-2, #0DD3AD);\r\nmin-width: auto  !important;\r\n\r\n}\r\n\r\n#rd-form-lr7s99yf .with-select-flags > .phone-input-group {\r\n    border-radius: var(--Radius-System-radius-none, 0px) 50px 50px 30px;\r\n    background: var(--Background-secondary, #FFF);\r\n    height: 52px\r\n}\r\n\r\n#rd-form-lr7s99yf .with-select-flags > .phone-input-group > .select2-container > .select2-choice > .select2-chosen {\r\n    padding-top: 7px;\r\n}\r\n#rd-form-lr7s99yf .select2-container .select2-choice .select2-arrow b {\r\n        background-position: 0 13px !important;\r\n}\r\n\r\n.bricks-form__field__option__input[type=\"radio\"] {\r\n  appearance: none;\r\n  -webkit-appearance: none;\r\n  width: 18px;\r\n  height: 18px;\r\n  border: 1.5px solid #FFF !important;\r\n  border-radius: 50%;\r\n  background: var(--Brand-Primary-primary-light, #F6B181);\r\n  position: relative;\r\n  cursor: pointer;\r\n}\r\n\r\n.bricks-form__field__option__input[type=\"radio\"]::after {\r\n  content: \"\";\r\n  width: 10px;\r\n  height: 10px;\r\n  background: var(--Border-secondary, #FFF);\r\n  border-radius: 50%;\r\n  position: absolute;\r\n  top: 3px;\r\n  left: 3px;\r\n  opacity: 0;\r\n  transition: opacity 0.2s;\r\n}\r\n\r\n.bricks-form__field__option__input[type=\"radio\"]:checked::after {\r\n  opacity: 1;\r\n}\r\n#rdstation-bricks-embeddable-form-bricks-component-KiLXkzl1MfdVl01cLXzRmw .bricks-form__field__option .bricks-form__label {\r\n    padding-left: 1.33em;\r\n    padding-bottom: 10px;\r\n}\r\n\r\n#rd-form-lr7s99yf .bricks-form__static {\r\n    color: var(--Text-Body-tertiary, #FFF);\r\n    font-family: var(--Typography-Font-family-Body, Lato);\r\n    font-size: var(--Typography-Font-size-14, 14px);\r\n    font-style: normal;\r\n    font-weight: 400;\r\n    line-height: 120%;\r\n    text-align: center;\r\n}\r\n#rd-form-lr7s99yf .bricks-form__static a {\r\n        color: #fff;\r\n    font-family: var(--Typography-Font-family-Body, Lato);\r\n    font-size: var(--Typography-Font-size-14, 14px);\r\n    font-style: normal;\r\n    font-weight: bold;\r\n    line-height: 120%;\r\n    text-align: center;\r\n}\r\n\r\n#rd-form-lr7s99yf .bricks-form__field {\r\n    padding: 0 13px; \r\n}\r\n\r\n#rd-text-lr7s99yk p span {\r\n  color: #ffffff !important;\r\n  text-align: center;\r\n  align-items: center;\r\n  display: flex;\r\n  justify-content: center;\r\n  color: var(--Text-Body-tertiary, #FFF);\r\n    font-family: var(--Typography-Font-family-Body, Lato);\r\n    font-size: 10px;\r\n    font-style: normal;\r\n    font-weight: 400;\r\n    line-height: 120%;\r\n}\r\n\r\n#rd-select_field-z56flv4Q07HpuJA6ACZT0w {\r\n  padding-right: 30px !important;\r\n}\r\n\r\n#rd-select_field-z56flv4Q07HpuJA6ACZT0w::-ms-expand {\r\n  display: none;\r\n}\r\n#rd-button-lr7s99yj::after {\r\n  content: '';\r\n  display: inline-block;\r\n  width: 16px;\r\n  height: 16px;\r\n  background-image: url('https:\/\/evertecinc.com\/wp-content\/uploads\/2025\/07\/Icon-2.svg');\r\n  background-size: contain;\r\n  background-repeat: no-repeat;\r\n  margin-left: 8px;\r\n  vertical-align: middle;\r\n  color: var(--Text-Body-tertiary, #FFF);\r\ntext-align: center;\r\n\r\n}\r\n\r\n<\/style><\/div><\/div><\/div>\t\t\t\t<\/div>\n\t\t\t\t<\/div>\n\t\t\t\t<\/div>\n\t\t\t\t\t<\/div>\n\t\t\t\t<\/div>\n\t\t<div class=\"elementor-element elementor-element-3dc2d96 e-flex e-con-boxed e-con e-parent\" data-id=\"3dc2d96\" data-element_type=\"container\" data-settings=\"{&quot;background_background&quot;:&quot;classic&quot;}\">\n\t\t\t\t\t<div class=\"e-con-inner\">\n\t\t\t\t<div class=\"elementor-element elementor-element-e2ffcfa elementor-mobile-align-left elementor-widget elementor-widget-button\" data-id=\"e2ffcfa\" data-element_type=\"widget\" data-widget_type=\"button.default\">\n\t\t\t\t<div class=\"elementor-widget-container\">\n\t\t\t\t\t\t\t\t\t<div class=\"elementor-button-wrapper\">\n\t\t\t\t\t<a class=\"elementor-button elementor-size-sm\" role=\"button\">\n\t\t\t\t\t\t<span class=\"elementor-button-content-wrapper\">\n\t\t\t\t\t\t\t\t\t<span class=\"elementor-button-text\">ESCRIT\u00d3RIOS<\/span>\n\t\t\t\t\t<\/span>\n\t\t\t\t\t<\/a>\n\t\t\t\t<\/div>\n\t\t\t\t\t\t\t\t<\/div>\n\t\t\t\t<\/div>\n\t\t\t\t<div class=\"elementor-element elementor-element-34fec7d elementor-widget__width-initial elementor-widget elementor-widget-heading\" data-id=\"34fec7d\" data-element_type=\"widget\" data-widget_type=\"heading.default\">\n\t\t\t\t<div class=\"elementor-widget-container\">\n\t\t\t\t\t<h2 class=\"elementor-heading-title elementor-size-default\"><p><span style=\"color: #ff6c0c\">Saiba <\/span><span class=\"TextRun SCXW217308205 BCX0\" lang=\"PT-BR\" xml:lang=\"PT-BR\" data-contrast=\"none\"><span class=\"NormalTextRun SCXW217308205 BCX0\">onde est\u00e3o nossas opera\u00e7\u00f5es<\/span><\/span><\/p>\n<\/h2>\t\t\t\t<\/div>\n\t\t\t\t<\/div>\n\t\t\t\t<div class=\"elementor-element elementor-element-f77bbe4 elementor-widget__width-initial elementor-widget elementor-widget-heading\" data-id=\"f77bbe4\" data-element_type=\"widget\" data-widget_type=\"heading.default\">\n\t\t\t\t<div class=\"elementor-widget-container\">\n\t\t\t\t\t<p class=\"elementor-heading-title elementor-size-default\">Estamos presentes em toda a Am\u00e9rica Latina, com opera\u00e7\u00f5es que nos permitem atuar com proximidade em cada mercado.<\/p>\t\t\t\t<\/div>\n\t\t\t\t<\/div>\n\t\t<div class=\"elementor-element elementor-element-90a896a e-con-full e-flex e-con e-child\" data-id=\"90a896a\" data-element_type=\"container\" data-settings=\"{&quot;background_background&quot;:&quot;classic&quot;}\">\n\t\t<a class=\"elementor-element elementor-element-426dd04 e-con-full e-flex e-con e-child\" data-id=\"426dd04\" data-element_type=\"container\" data-settings=\"{&quot;background_background&quot;:&quot;classic&quot;}\" href=\"https:\/\/evertecinc.com\/pt-br\/onde-estamos\/\">\n\t\t\t\t<div class=\"elementor-element elementor-element-2ba637f elementor-widget elementor-widget-heading\" data-id=\"2ba637f\" data-element_type=\"widget\" data-widget_type=\"heading.default\">\n\t\t\t\t<div class=\"elementor-widget-container\">\n\t\t\t\t\t<h6 class=\"elementor-heading-title elementor-size-default\">Conhe\u00e7a nossos escrit\u00f3rios <\/h6>\t\t\t\t<\/div>\n\t\t\t\t<\/div>\n\t\t<div class=\"elementor-element elementor-element-ed06130 e-con-full e-flex e-con e-child\" data-id=\"ed06130\" data-element_type=\"container\">\n\t\t<div class=\"elementor-element elementor-element-20bfb9c e-con-full e-flex e-con e-child\" data-id=\"20bfb9c\" data-element_type=\"container\">\n\t\t\t\t<div class=\"elementor-element elementor-element-24c4b00 elementor-widget elementor-widget-image\" data-id=\"24c4b00\" data-element_type=\"widget\" data-widget_type=\"image.default\">\n\t\t\t\t<div class=\"elementor-widget-container\">\n\t\t\t\t\t\t\t\t\t\t\t\t\t\t\t<img decoding=\"async\" src=\"https:\/\/evertecinc-com-stg-assets.s3.amazonaws.com\/wp-content\/uploads\/icon-map-pin.svg\" title=\"\" alt=\"\" loading=\"lazy\" \/>\t\t\t\t\t\t\t\t\t\t\t\t\t\t\t<\/div>\n\t\t\t\t<\/div>\n\t\t\t\t<div class=\"elementor-element elementor-element-e47ad36 elementor-widget-mobile__width-initial elementor-widget elementor-widget-heading\" data-id=\"e47ad36\" data-element_type=\"widget\" data-widget_type=\"heading.default\">\n\t\t\t\t<div class=\"elementor-widget-container\">\n\t\t\t\t\t<p class=\"elementor-heading-title elementor-size-default\">Veja onde estamos<\/p>\t\t\t\t<\/div>\n\t\t\t\t<\/div>\n\t\t\t\t<\/div>\n\t\t<div class=\"elementor-element elementor-element-ff6434d e-con-full e-flex e-con e-child\" data-id=\"ff6434d\" data-element_type=\"container\">\n\t\t\t\t<div class=\"elementor-element elementor-element-19a9c00 elementor-widget elementor-widget-heading\" data-id=\"19a9c00\" data-element_type=\"widget\" data-widget_type=\"heading.default\">\n\t\t\t\t<div class=\"elementor-widget-container\">\n\t\t\t\t\t<p class=\"elementor-heading-title elementor-size-default\">Acesse<\/p>\t\t\t\t<\/div>\n\t\t\t\t<\/div>\n\t\t\t\t<div class=\"elementor-element elementor-element-544401c elementor-widget elementor-widget-image\" data-id=\"544401c\" data-element_type=\"widget\" data-widget_type=\"image.default\">\n\t\t\t\t<div class=\"elementor-widget-container\">\n\t\t\t\t\t\t\t\t\t\t\t\t\t\t\t<img decoding=\"async\" src=\"https:\/\/evertecinc-com-stg-assets.s3.amazonaws.com\/wp-content\/uploads\/Icon-1.svg\" title=\"\" alt=\"\" loading=\"lazy\" \/>\t\t\t\t\t\t\t\t\t\t\t\t\t\t\t<\/div>\n\t\t\t\t<\/div>\n\t\t\t\t<\/div>\n\t\t\t\t<\/div>\n\t\t\t\t<\/a>\n\t\t\t\t<\/div>\n\t\t\t\t\t<\/div>\n\t\t\t\t<\/div>\n\t\t\t\t<\/div>\n\t\t","protected":false},"excerpt":{"rendered":"<p>Suporte Contato ESCRIT\u00d3RIOS Conhe\u00e7a nossos escrit\u00f3rios Veja onde estamos Acesse<\/p>\n","protected":false},"author":2,"featured_media":0,"parent":0,"menu_order":0,"comment_status":"closed","ping_status":"closed","template":"","meta":{"hero_title":"","footnotes":""},"class_list":["post-12042","page","type-page","status-publish","hentry"],"yoast_head":"<!-- This site is optimized with the Yoast SEO plugin v25.3 - https:\/\/yoast.com\/wordpress\/plugins\/seo\/ -->\n<title>Contato - Evertec<\/title>\n<meta name=\"robots\" content=\"index, follow, max-snippet:-1, max-image-preview:large, max-video-preview:-1\" \/>\n<link rel=\"canonical\" href=\"https:\/\/evertecinc.com\/pt-br\/contato\/\" \/>\n<meta property=\"og:locale\" content=\"pt_BR\" \/>\n<meta property=\"og:type\" content=\"article\" \/>\n<meta property=\"og:title\" content=\"Contato - Evertec\" \/>\n<meta property=\"og:description\" content=\"Suporte Contato ESCRIT\u00d3RIOS Conhe\u00e7a nossos escrit\u00f3rios Veja onde estamos Acesse\" \/>\n<meta property=\"og:url\" content=\"https:\/\/evertecinc.com\/pt-br\/contato\/\" \/>\n<meta property=\"og:site_name\" content=\"Evertec\" \/>\n<meta property=\"article:modified_time\" content=\"2025-08-22T13:21:36+00:00\" \/>\n<meta property=\"og:image\" content=\"https:\/\/evertecinc.com\/pt-br\/wp-content\/uploads\/share-og.png\" \/>\n<meta name=\"twitter:card\" content=\"summary_large_image\" \/>\n<meta name=\"twitter:image\" content=\"https:\/\/evertecinc.com\/pt-br\/wp-content\/uploads\/share-og.png\" \/>\n<meta name=\"twitter:label1\" content=\"Est. tempo de leitura\" \/>\n\t<meta name=\"twitter:data1\" content=\"2 minutos\" \/>\n<script type=\"application\/ld+json\" class=\"yoast-schema-graph\">{\"@context\":\"https:\/\/schema.org\",\"@graph\":[{\"@type\":\"WebPage\",\"@id\":\"https:\/\/evertecinc.com\/pt-br\/contato\/\",\"url\":\"https:\/\/evertecinc.com\/pt-br\/contato\/\",\"name\":\"Contato - Evertec\",\"isPartOf\":{\"@id\":\"https:\/\/evertecinc.com\/pt-br\/#website\"},\"primaryImageOfPage\":{\"@id\":\"https:\/\/evertecinc.com\/pt-br\/contato\/#primaryimage\"},\"image\":{\"@id\":\"https:\/\/evertecinc.com\/pt-br\/contato\/#primaryimage\"},\"thumbnailUrl\":\"https:\/\/evertecinc.com\/wp-content\/uploads\/2025\/08\/icon-map-pin.svg\",\"datePublished\":\"2025-07-14T14:23:16+00:00\",\"dateModified\":\"2025-08-22T13:21:36+00:00\",\"breadcrumb\":{\"@id\":\"https:\/\/evertecinc.com\/pt-br\/contato\/#breadcrumb\"},\"inLanguage\":\"pt-BR\",\"potentialAction\":[{\"@type\":\"ReadAction\",\"target\":[\"https:\/\/evertecinc.com\/pt-br\/contato\/\"]}]},{\"@type\":\"ImageObject\",\"inLanguage\":\"pt-BR\",\"@id\":\"https:\/\/evertecinc.com\/pt-br\/contato\/#primaryimage\",\"url\":\"https:\/\/evertecinc.com\/wp-content\/uploads\/2025\/08\/icon-map-pin.svg\",\"contentUrl\":\"https:\/\/evertecinc.com\/wp-content\/uploads\/2025\/08\/icon-map-pin.svg\"},{\"@type\":\"BreadcrumbList\",\"@id\":\"https:\/\/evertecinc.com\/pt-br\/contato\/#breadcrumb\",\"itemListElement\":[{\"@type\":\"ListItem\",\"position\":1,\"name\":\"Portada\",\"item\":\"https:\/\/evertecinc.com\/pt-br\/\"},{\"@type\":\"ListItem\",\"position\":2,\"name\":\"Contato\"}]},{\"@type\":\"WebSite\",\"@id\":\"https:\/\/evertecinc.com\/pt-br\/#website\",\"url\":\"https:\/\/evertecinc.com\/pt-br\/\",\"name\":\"Evertec\",\"description\":\"Combinamos seguridad y escalabilidad con el portafolio m\u00e1s completo de soluciones para transformar empresas de todos los tama\u00f1os.\",\"publisher\":{\"@id\":\"https:\/\/evertecinc.com\/pt-br\/#organization\"},\"potentialAction\":[{\"@type\":\"SearchAction\",\"target\":{\"@type\":\"EntryPoint\",\"urlTemplate\":\"https:\/\/evertecinc.com\/pt-br\/?s={search_term_string}\"},\"query-input\":{\"@type\":\"PropertyValueSpecification\",\"valueRequired\":true,\"valueName\":\"search_term_string\"}}],\"inLanguage\":\"pt-BR\"},{\"@type\":\"Organization\",\"@id\":\"https:\/\/evertecinc.com\/pt-br\/#organization\",\"name\":\"Evertec\",\"url\":\"https:\/\/evertecinc.com\/pt-br\/\",\"logo\":{\"@type\":\"ImageObject\",\"inLanguage\":\"pt-BR\",\"@id\":\"https:\/\/evertecinc.com\/pt-br\/#\/schema\/logo\/image\/\",\"url\":\"https:\/\/evertecinc.com\/wp-content\/uploads\/2025\/05\/logo.svg\",\"contentUrl\":\"https:\/\/evertecinc.com\/wp-content\/uploads\/2025\/05\/logo.svg\",\"width\":200,\"height\":40,\"caption\":\"Evertec\"},\"image\":{\"@id\":\"https:\/\/evertecinc.com\/pt-br\/#\/schema\/logo\/image\/\"}}]}<\/script>\n<!-- \/ Yoast SEO plugin. -->","yoast_head_json":{"title":"Contato - Evertec","robots":{"index":"index","follow":"follow","max-snippet":"max-snippet:-1","max-image-preview":"max-image-preview:large","max-video-preview":"max-video-preview:-1"},"canonical":"https:\/\/evertecinc.com\/pt-br\/contato\/","og_locale":"pt_BR","og_type":"article","og_title":"Contato - Evertec","og_description":"Suporte Contato ESCRIT\u00d3RIOS Conhe\u00e7a nossos escrit\u00f3rios Veja onde estamos Acesse","og_url":"https:\/\/evertecinc.com\/pt-br\/contato\/","og_site_name":"Evertec","article_modified_time":"2025-08-22T13:21:36+00:00","og_image":[{"url":"https:\/\/evertecinc.com\/pt-br\/wp-content\/uploads\/share-og.png","type":"","width":"","height":""}],"twitter_card":"summary_large_image","twitter_image":"https:\/\/evertecinc.com\/pt-br\/wp-content\/uploads\/share-og.png","twitter_misc":{"Est. tempo de leitura":"2 minutos"},"schema":{"@context":"https:\/\/schema.org","@graph":[{"@type":"WebPage","@id":"https:\/\/evertecinc.com\/pt-br\/contato\/","url":"https:\/\/evertecinc.com\/pt-br\/contato\/","name":"Contato - Evertec","isPartOf":{"@id":"https:\/\/evertecinc.com\/pt-br\/#website"},"primaryImageOfPage":{"@id":"https:\/\/evertecinc.com\/pt-br\/contato\/#primaryimage"},"image":{"@id":"https:\/\/evertecinc.com\/pt-br\/contato\/#primaryimage"},"thumbnailUrl":"https:\/\/evertecinc.com\/wp-content\/uploads\/2025\/08\/icon-map-pin.svg","datePublished":"2025-07-14T14:23:16+00:00","dateModified":"2025-08-22T13:21:36+00:00","breadcrumb":{"@id":"https:\/\/evertecinc.com\/pt-br\/contato\/#breadcrumb"},"inLanguage":"pt-BR","potentialAction":[{"@type":"ReadAction","target":["https:\/\/evertecinc.com\/pt-br\/contato\/"]}]},{"@type":"ImageObject","inLanguage":"pt-BR","@id":"https:\/\/evertecinc.com\/pt-br\/contato\/#primaryimage","url":"https:\/\/evertecinc.com\/wp-content\/uploads\/2025\/08\/icon-map-pin.svg","contentUrl":"https:\/\/evertecinc.com\/wp-content\/uploads\/2025\/08\/icon-map-pin.svg"},{"@type":"BreadcrumbList","@id":"https:\/\/evertecinc.com\/pt-br\/contato\/#breadcrumb","itemListElement":[{"@type":"ListItem","position":1,"name":"Portada","item":"https:\/\/evertecinc.com\/pt-br\/"},{"@type":"ListItem","position":2,"name":"Contato"}]},{"@type":"WebSite","@id":"https:\/\/evertecinc.com\/pt-br\/#website","url":"https:\/\/evertecinc.com\/pt-br\/","name":"Evertec","description":"Combinamos seguridad y escalabilidad con el portafolio m\u00e1s completo de soluciones para transformar empresas de todos los tama\u00f1os.","publisher":{"@id":"https:\/\/evertecinc.com\/pt-br\/#organization"},"potentialAction":[{"@type":"SearchAction","target":{"@type":"EntryPoint","urlTemplate":"https:\/\/evertecinc.com\/pt-br\/?s={search_term_string}"},"query-input":{"@type":"PropertyValueSpecification","valueRequired":true,"valueName":"search_term_string"}}],"inLanguage":"pt-BR"},{"@type":"Organization","@id":"https:\/\/evertecinc.com\/pt-br\/#organization","name":"Evertec","url":"https:\/\/evertecinc.com\/pt-br\/","logo":{"@type":"ImageObject","inLanguage":"pt-BR","@id":"https:\/\/evertecinc.com\/pt-br\/#\/schema\/logo\/image\/","url":"https:\/\/evertecinc.com\/wp-content\/uploads\/2025\/05\/logo.svg","contentUrl":"https:\/\/evertecinc.com\/wp-content\/uploads\/2025\/05\/logo.svg","width":200,"height":40,"caption":"Evertec"},"image":{"@id":"https:\/\/evertecinc.com\/pt-br\/#\/schema\/logo\/image\/"}}]}},"_links":{"self":[{"href":"https:\/\/evertecinc.com\/pt-br\/wp-json\/wp\/v2\/pages\/12042","targetHints":{"allow":["GET"]}}],"collection":[{"href":"https:\/\/evertecinc.com\/pt-br\/wp-json\/wp\/v2\/pages"}],"about":[{"href":"https:\/\/evertecinc.com\/pt-br\/wp-json\/wp\/v2\/types\/page"}],"author":[{"embeddable":true,"href":"https:\/\/evertecinc.com\/pt-br\/wp-json\/wp\/v2\/users\/2"}],"replies":[{"embeddable":true,"href":"https:\/\/evertecinc.com\/pt-br\/wp-json\/wp\/v2\/comments?post=12042"}],"version-history":[{"count":0,"href":"https:\/\/evertecinc.com\/pt-br\/wp-json\/wp\/v2\/pages\/12042\/revisions"}],"wp:attachment":[{"href":"https:\/\/evertecinc.com\/pt-br\/wp-json\/wp\/v2\/media?parent=12042"}],"curies":[{"name":"wp","href":"https:\/\/api.w.org\/{rel}","templated":true}]}}