{"id":25180,"date":"2026-05-10T16:34:07","date_gmt":"2026-05-10T16:34:07","guid":{"rendered":"https:\/\/evertecinc-com.plataformasegura.nubity.com\/?page_id=25180"},"modified":"2026-05-11T06:43:39","modified_gmt":"2026-05-11T06:43:39","slug":"brochure","status":"publish","type":"page","link":"https:\/\/evertecinc.com\/pt-br\/brochure\/","title":{"rendered":"Brochure"},"content":{"rendered":"\t\t<div data-elementor-type=\"wp-page\" data-elementor-id=\"25180\" class=\"elementor elementor-25180 elementor-24929\" data-elementor-post-type=\"page\">\n\t\t\t\t<div class=\"elementor-element elementor-element-43d91a8a e-flex e-con-boxed e-con e-parent\" data-id=\"43d91a8a\" data-element_type=\"container\">\n\t\t\t\t\t<div class=\"e-con-inner\">\n\t\t\t\t\t<\/div>\n\t\t\t\t<\/div>\n\t\t<div class=\"elementor-element elementor-element-1c741d6 e-con-full e-flex e-con e-parent\" data-id=\"1c741d6\" data-element_type=\"container\" data-settings=\"{&quot;background_background&quot;:&quot;video&quot;,&quot;background_play_on_mobile&quot;:&quot;yes&quot;}\">\n\t\t<div class=\"elementor-element elementor-element-bc18d28 e-con-full e-flex e-con e-child\" data-id=\"bc18d28\" data-element_type=\"container\">\n\t\t\t\t<div class=\"elementor-element elementor-element-5742c04 elementor-mobile-align-left elementor-widget-mobile__width-inherit elementor-widget elementor-widget-button\" data-id=\"5742c04\" data-element_type=\"widget\" data-widget_type=\"button.default\">\n\t\t\t\t<div class=\"elementor-widget-container\">\n\t\t\t\t\t\t\t\t\t<div class=\"elementor-button-wrapper\">\n\t\t\t\t\t<a class=\"elementor-button elementor-size-sm\" role=\"button\">\n\t\t\t\t\t\t<span class=\"elementor-button-content-wrapper\">\n\t\t\t\t\t\t\t\t\t<span class=\"elementor-button-text\">Conte\u00fado especializado Evertec<\/span>\n\t\t\t\t\t<\/span>\n\t\t\t\t\t<\/a>\n\t\t\t\t<\/div>\n\t\t\t\t\t\t\t\t<\/div>\n\t\t\t\t<\/div>\n\t\t\t\t<div class=\"elementor-element elementor-element-061b68e elementor-widget elementor-widget-heading\" data-id=\"061b68e\" data-element_type=\"widget\" id=\"hero-title\" data-widget_type=\"heading.default\">\n\t\t\t\t<div class=\"elementor-widget-container\">\n\t\t\t\t\t<h1 class=\"elementor-heading-title elementor-size-default\">T\u00edtulo T\u00edtulo T\u00edtulo T\u00edtulo T\u00edtulo<\/h1>\t\t\t\t<\/div>\n\t\t\t\t<\/div>\n\t\t\t\t<div class=\"elementor-element elementor-element-5bce426 elementor-widget-mobile__width-inherit elementor-widget__width-initial elementor-widget elementor-widget-heading\" data-id=\"5bce426\" data-element_type=\"widget\" id=\"hero-subtitle\" data-widget_type=\"heading.default\">\n\t\t\t\t<div class=\"elementor-widget-container\">\n\t\t\t\t\t<p class=\"elementor-heading-title elementor-size-default\">Subtitulo Subtitulo Subtitulo Subtitulo Subtitulo Subtitulo <\/p>\t\t\t\t<\/div>\n\t\t\t\t<\/div>\n\t\t\t\t<\/div>\n\t\t<div class=\"elementor-element elementor-element-6871ded e-con-full form-box e-flex e-con e-child\" data-id=\"6871ded\" data-element_type=\"container\" data-settings=\"{&quot;background_background&quot;:&quot;classic&quot;}\">\n\t\t\t\t<div class=\"elementor-element elementor-element-8f8bf43 elementor-button-align-stretch elementor-widget elementor-widget-form\" data-id=\"8f8bf43\" data-element_type=\"widget\" data-settings=\"{&quot;step_next_label&quot;:&quot;Siguiente&quot;,&quot;step_previous_label&quot;:&quot;Anterior&quot;,&quot;button_width&quot;:&quot;100&quot;,&quot;step_type&quot;:&quot;number_text&quot;,&quot;step_icon_shape&quot;:&quot;circle&quot;}\" data-widget_type=\"form.default\">\n\t\t\t\t<div class=\"elementor-widget-container\">\n\t\t\t\t\t\t\t<form class=\"elementor-form\" method=\"post\" id=\"brochure_soluciones\" name=\"Brochure Soluciones\">\n\t\t\t<input type=\"hidden\" name=\"post_id\" value=\"25180\"\/>\n\t\t\t<input type=\"hidden\" name=\"form_id\" value=\"8f8bf43\"\/>\n\t\t\t<input type=\"hidden\" name=\"referer_title\" value=\"Evertec\" \/>\n\n\t\t\t\n\t\t\t<div class=\"elementor-form-fields-wrapper elementor-labels-above\">\n\t\t\t\t\t\t\t\t<div class=\"elementor-field-type-text elementor-field-group elementor-column elementor-field-group-first_name elementor-col-50 elementor-field-required elementor-mark-required\">\n\t\t\t\t\t\t\t\t\t\t\t\t<label for=\"form-field-first_name\" class=\"elementor-field-label\">\n\t\t\t\t\t\t\t\tNome\t\t\t\t\t\t\t<\/label>\n\t\t\t\t\t\t\t\t\t\t\t\t\t\t<input size=\"1\" type=\"text\" name=\"form_fields[first_name]\" id=\"form-field-first_name\" class=\"elementor-field elementor-size-sm  elementor-field-textual\" required=\"required\">\n\t\t\t\t\t\t\t\t\t\t\t<\/div>\n\t\t\t\t\t\t\t\t<div class=\"elementor-field-type-text elementor-field-group elementor-column elementor-field-group-last_name elementor-col-50 elementor-field-required elementor-mark-required\">\n\t\t\t\t\t\t\t\t\t\t\t\t<label for=\"form-field-last_name\" class=\"elementor-field-label\">\n\t\t\t\t\t\t\t\tSobrenome\t\t\t\t\t\t\t<\/label>\n\t\t\t\t\t\t\t\t\t\t\t\t\t\t<input size=\"1\" type=\"text\" name=\"form_fields[last_name]\" id=\"form-field-last_name\" class=\"elementor-field elementor-size-sm  elementor-field-textual\" required=\"required\">\n\t\t\t\t\t\t\t\t\t\t\t<\/div>\n\t\t\t\t\t\t\t\t<div class=\"elementor-field-type-email elementor-field-group elementor-column elementor-field-group-email elementor-col-50 elementor-field-required elementor-mark-required\">\n\t\t\t\t\t\t\t\t\t\t\t\t<label for=\"form-field-email\" class=\"elementor-field-label\">\n\t\t\t\t\t\t\t\tE-mail\t\t\t\t\t\t\t<\/label>\n\t\t\t\t\t\t\t\t\t\t\t\t\t\t<input size=\"1\" type=\"email\" name=\"form_fields[email]\" id=\"form-field-email\" class=\"elementor-field elementor-size-sm  elementor-field-textual\" required=\"required\">\n\t\t\t\t\t\t\t\t\t\t\t<\/div>\n\t\t\t\t\t\t\t\t<div class=\"elementor-field-type-tel elementor-field-group elementor-column elementor-field-group-phone elementor-col-50 elementor-field-required elementor-mark-required\">\n\t\t\t\t\t\t\t\t\t\t\t\t<label for=\"form-field-phone\" class=\"elementor-field-label\">\n\t\t\t\t\t\t\t\tN\u00famero de telefone\t\t\t\t\t\t\t<\/label>\n\t\t\t\t\t\t\t\t<input size=\"1\" type=\"tel\" name=\"form_fields[phone]\" id=\"form-field-phone\" class=\"elementor-field elementor-size-sm  elementor-field-textual\" required=\"required\" pattern=\"[0-9()#&amp;+*-=.]+\" title=\"Apenas n\u00fameros e caracteres de telefone (#, -, *, etc.) s\u00e3o aceitos.\">\n\n\t\t\t\t\t\t<\/div>\n\t\t\t\t\t\t\t\t<div class=\"elementor-field-type-select elementor-field-group elementor-column elementor-field-group-country elementor-col-50 elementor-field-required elementor-mark-required\">\n\t\t\t\t\t\t\t\t\t\t\t\t<label for=\"form-field-country\" class=\"elementor-field-label\">\n\t\t\t\t\t\t\t\tPa\u00eds\t\t\t\t\t\t\t<\/label>\n\t\t\t\t\t\t\t\t<div class=\"elementor-field elementor-select-wrapper remove-before \">\n\t\t\t<div class=\"select-caret-down-wrapper\">\n\t\t\t\t<svg aria-hidden=\"true\" class=\"e-font-icon-svg e-eicon-caret-down\" viewBox=\"0 0 571.4 571.4\" xmlns=\"http:\/\/www.w3.org\/2000\/svg\"><path d=\"M571 393Q571 407 561 418L311 668Q300 679 286 679T261 668L11 418Q0 407 0 393T11 368 36 357H536Q550 357 561 368T571 393Z\"><\/path><\/svg>\t\t\t<\/div>\n\t\t\t<select name=\"form_fields[country]\" id=\"form-field-country\" class=\"elementor-field-textual elementor-size-sm\" required=\"required\">\n\t\t\t\t\t\t\t\t\t<option value=\"Selecione\">Selecione<\/option>\n\t\t\t\t\t\t\t\t\t<option value=\"Anguila\">Anguila<\/option>\n\t\t\t\t\t\t\t\t\t<option value=\"Ant\u00edgua e Barbuda\">Ant\u00edgua e Barbuda<\/option>\n\t\t\t\t\t\t\t\t\t<option value=\"Argentina\">Argentina<\/option>\n\t\t\t\t\t\t\t\t\t<option value=\"Aruba\">Aruba<\/option>\n\t\t\t\t\t\t\t\t\t<option value=\"Bahamas\">Bahamas<\/option>\n\t\t\t\t\t\t\t\t\t<option value=\"Barbados\">Barbados<\/option>\n\t\t\t\t\t\t\t\t\t<option value=\"Belize\">Belize<\/option>\n\t\t\t\t\t\t\t\t\t<option value=\"Bermudas\">Bermudas<\/option>\n\t\t\t\t\t\t\t\t\t<option value=\"Bol\u00edvia\">Bol\u00edvia<\/option>\n\t\t\t\t\t\t\t\t\t<option value=\"Bonaire, Santo Eust\u00e1quio e Saba\">Bonaire, Santo Eust\u00e1quio e Saba<\/option>\n\t\t\t\t\t\t\t\t\t<option value=\"Brasil\">Brasil<\/option>\n\t\t\t\t\t\t\t\t\t<option value=\"Canad\u00e1\">Canad\u00e1<\/option>\n\t\t\t\t\t\t\t\t\t<option value=\"Chile\">Chile<\/option>\n\t\t\t\t\t\t\t\t\t<option value=\"Col\u00f4mbia\">Col\u00f4mbia<\/option>\n\t\t\t\t\t\t\t\t\t<option value=\"Costa Rica\">Costa Rica<\/option>\n\t\t\t\t\t\t\t\t\t<option value=\"Cuba\">Cuba<\/option>\n\t\t\t\t\t\t\t\t\t<option value=\"Dominica\">Dominica<\/option>\n\t\t\t\t\t\t\t\t\t<option value=\"Equador\">Equador<\/option>\n\t\t\t\t\t\t\t\t\t<option value=\"El Salvador\">El Salvador<\/option>\n\t\t\t\t\t\t\t\t\t<option value=\"Estados Unidos\">Estados Unidos<\/option>\n\t\t\t\t\t\t\t\t\t<option value=\"Granada\">Granada<\/option>\n\t\t\t\t\t\t\t\t\t<option value=\"Groenl\u00e2ndia\">Groenl\u00e2ndia<\/option>\n\t\t\t\t\t\t\t\t\t<option value=\"Guadalupe\">Guadalupe<\/option>\n\t\t\t\t\t\t\t\t\t<option value=\"Guatemala\">Guatemala<\/option>\n\t\t\t\t\t\t\t\t\t<option value=\"Guiana\">Guiana<\/option>\n\t\t\t\t\t\t\t\t\t<option value=\"Guiana Francesa\">Guiana Francesa<\/option>\n\t\t\t\t\t\t\t\t\t<option value=\"Haiti\">Haiti<\/option>\n\t\t\t\t\t\t\t\t\t<option value=\"Honduras\">Honduras<\/option>\n\t\t\t\t\t\t\t\t\t<option value=\"Ilhas Cayman\">Ilhas Cayman<\/option>\n\t\t\t\t\t\t\t\t\t<option value=\"Ilhas Malvinas\">Ilhas Malvinas<\/option>\n\t\t\t\t\t\t\t\t\t<option value=\"Ilhas Turcas e Caicos\">Ilhas Turcas e Caicos<\/option>\n\t\t\t\t\t\t\t\t\t<option value=\"Ilhas Virgens Brit\u00e2nicas\">Ilhas Virgens Brit\u00e2nicas<\/option>\n\t\t\t\t\t\t\t\t\t<option value=\"Ilhas Virgens dos EUA\">Ilhas Virgens dos EUA<\/option>\n\t\t\t\t\t\t\t\t\t<option value=\"Jamaica\">Jamaica<\/option>\n\t\t\t\t\t\t\t\t\t<option value=\"Martinica\">Martinica<\/option>\n\t\t\t\t\t\t\t\t\t<option value=\"M\u00e9xico\">M\u00e9xico<\/option>\n\t\t\t\t\t\t\t\t\t<option value=\"Montserrat\">Montserrat<\/option>\n\t\t\t\t\t\t\t\t\t<option value=\"Nicar\u00e1gua\">Nicar\u00e1gua<\/option>\n\t\t\t\t\t\t\t\t\t<option value=\"Panam\u00e1\">Panam\u00e1<\/option>\n\t\t\t\t\t\t\t\t\t<option value=\"Paraguai\">Paraguai<\/option>\n\t\t\t\t\t\t\t\t\t<option value=\"Peru\">Peru<\/option>\n\t\t\t\t\t\t\t\t\t<option value=\"Porto Rico\">Porto Rico<\/option>\n\t\t\t\t\t\t\t\t\t<option value=\"Rep\u00fablica Dominicana\">Rep\u00fablica Dominicana<\/option>\n\t\t\t\t\t\t\t\t\t<option value=\"Santa L\u00facia\">Santa L\u00facia<\/option>\n\t\t\t\t\t\t\t\t\t<option value=\"S\u00e3o Bartolomeu\">S\u00e3o Bartolomeu<\/option>\n\t\t\t\t\t\t\t\t\t<option value=\"S\u00e3o Crist\u00f3v\u00e3o e Nevis\">S\u00e3o Crist\u00f3v\u00e3o e Nevis<\/option>\n\t\t\t\t\t\t\t\t\t<option value=\"S\u00e3o Martinho (parte francesa)\">S\u00e3o Martinho (parte francesa)<\/option>\n\t\t\t\t\t\t\t\t\t<option value=\"S\u00e3o Pedro e Miquel\u00e3o\">S\u00e3o Pedro e Miquel\u00e3o<\/option>\n\t\t\t\t\t\t\t\t\t<option value=\"S\u00e3o Vicente e Granadinas\">S\u00e3o Vicente e Granadinas<\/option>\n\t\t\t\t\t\t\t\t\t<option value=\"Suriname\">Suriname<\/option>\n\t\t\t\t\t\t\t\t\t<option value=\"Trinidad e Tobago\">Trinidad e Tobago<\/option>\n\t\t\t\t\t\t\t\t\t<option value=\"Uruguai\">Uruguai<\/option>\n\t\t\t\t\t\t\t\t\t<option value=\"Venezuela\">Venezuela<\/option>\n\t\t\t\t\t\t\t<\/select>\n\t\t<\/div>\n\t\t\t\t\t\t<\/div>\n\t\t\t\t\t\t\t\t<div class=\"elementor-field-type-text elementor-field-group elementor-column elementor-field-group-company elementor-col-50\">\n\t\t\t\t\t\t\t\t\t\t\t\t<label for=\"form-field-company\" class=\"elementor-field-label\">\n\t\t\t\t\t\t\t\tNome da empresa\t\t\t\t\t\t\t<\/label>\n\t\t\t\t\t\t\t\t\t\t\t\t\t\t<input size=\"1\" type=\"text\" name=\"form_fields[company]\" id=\"form-field-company\" class=\"elementor-field elementor-size-sm  elementor-field-textual\">\n\t\t\t\t\t\t\t\t\t\t\t<\/div>\n\t\t\t\t\t\t\t\t<div class=\"elementor-field-type-acceptance elementor-field-group elementor-column elementor-field-group-privacy elementor-col-100 elementor-field-required elementor-mark-required\">\n\t\t\t\t\t\t\t\t\t\t\t\t<label for=\"form-field-privacy\" class=\"elementor-field-label\">\n\t\t\t\t\t\t\t\tPol\u00edtica de privacidade\t\t\t\t\t\t\t<\/label>\n\t\t\t\t\t\t\t\t<div class=\"elementor-field-subgroup\">\n\t\t\t<span class=\"elementor-field-option\">\n\t\t\t\t<input type=\"checkbox\" name=\"form_fields[privacy]\" id=\"form-field-privacy\" class=\"elementor-field elementor-size-sm  elementor-acceptance-field\" required=\"required\" checked=\"checked\">\n\t\t\t\t<label for=\"form-field-privacy\">Ao continuar, voc\u00ea concorda com a pol\u00edtica de tratamento de dados pessoais das empresas e subsidi\u00e1rias do Grupo Evertec.<\/label>\t\t\t<\/span>\n\t\t<\/div>\n\t\t\t\t\t\t<\/div>\n\t\t\t\t\t\t\t\t<div class=\"elementor-field-type-hidden elementor-field-group elementor-column elementor-field-group-brochure_slug elementor-col-100\">\n\t\t\t\t\t\t\t\t\t\t\t\t\t<input size=\"1\" type=\"hidden\" name=\"form_fields[brochure_slug]\" id=\"form-field-brochure_slug\" class=\"elementor-field elementor-size-sm  elementor-field-textual\">\n\t\t\t\t\t\t\t\t\t\t\t<\/div>\n\t\t\t\t\t\t\t\t<div class=\"elementor-field-group elementor-column elementor-field-type-submit elementor-col-100 e-form__buttons\">\n\t\t\t\t\t<button class=\"elementor-button elementor-size-sm\" type=\"submit\">\n\t\t\t\t\t\t<span class=\"elementor-button-content-wrapper\">\n\t\t\t\t\t\t\t\t\t\t\t\t\t\t\t\t\t\t\t\t\t\t<span class=\"elementor-button-text\">Obter conte\u00fado especializado<\/span>\n\t\t\t\t\t\t\t\t\t\t\t\t\t<\/span>\n\t\t\t\t\t<\/button>\n\t\t\t\t<\/div>\n\t\t\t<\/div>\n\t\t<\/form>\n\t\t\t\t\t\t<\/div>\n\t\t\t\t<\/div>\n\t\t\t\t<\/div>\n\t\t\t\t<\/div>\n\t\t<div class=\"elementor-element elementor-element-1394ea2 e-flex e-con-boxed e-con e-parent\" data-id=\"1394ea2\" data-element_type=\"container\" data-settings=\"{&quot;background_background&quot;:&quot;classic&quot;}\">\n\t\t\t\t\t<div class=\"e-con-inner\">\n\t\t\t\t<div class=\"elementor-element elementor-element-7410ffc elementor-widget elementor-widget-html\" data-id=\"7410ffc\" data-element_type=\"widget\" data-widget_type=\"html.default\">\n\t\t\t\t<div class=\"elementor-widget-container\">\n\t\t\t\t\t<script>\ndocument.addEventListener(\"DOMContentLoaded\", function () {\n  const form = document.querySelector(\".elementor-form\");\n  if (!form) return;\n\n  const formHandlerUrl = \"https:\/\/soluciones.evertecinc.com\/l\/1104252\/2026-05-10\/blrqny\";\n\n  const brochureMap = {\n    \"solucoes-b2b-para-gestao-de-fornecedores\": \"\/wp-content\/uploads\/B2BSolutions-POR.pdf\",\n    \"solucoes-para-lojas-e-tesouraria\": \"\/wp-content\/uploads\/StoreSolutionTreasury-POR.pdf\",\n    \"retail-payments-por\": \"\/wp-content\/uploads\/RetailPayments-POR.pdf\"\n  };\n\n  form.addEventListener(\"submit\", function (event) {\n    event.preventDefault();\n    event.stopPropagation();\n    event.stopImmediatePropagation();\n\n    const firstName = document.querySelector(\"#form-field-first_name\")?.value?.trim() || \"\";\n    const lastName = document.querySelector(\"#form-field-last_name\")?.value?.trim() || \"\";\n    const email = document.querySelector(\"#form-field-email\")?.value?.trim() || \"\";\n    const phone = document.querySelector(\"#form-field-phone\")?.value?.trim() || \"\";\n    const country = document.querySelector(\"#form-field-country\")?.value?.trim() || \"\";\n    const company = document.querySelector(\"#form-field-company\")?.value?.trim() || \"\";\n    const brochureSlug = document.querySelector(\"#form-field-brochure_slug\")?.value?.trim() || \"\";\n    const privacyAccepted = document.querySelector(\"#form-field-privacy\")?.checked ? \"Acepto\" : \"\";\n\n    if (!firstName || !lastName || !email || !phone || !country || !privacyAccepted) {\n      alert(\"Por favor, preencha todos os campos obrigat\u00f3rios.\");\n      return;\n    }\n\n    if (!\/^[^\\s@]+@[^\\s@]+\\.[^\\s@]{2,}$\/.test(email)) {\n      alert(\"Por favor, insira um endere\u00e7o de e-mail v\u00e1lido.\");\n      return;\n    }\n\n    if (!brochureSlug || !brochureMap[brochureSlug]) {\n      alert(\"O brochure solicitado n\u00e3o foi encontrado.\");\n      return;\n    }\n\n    const iframeName = \"pardot_hidden_iframe\";\n\n    let iframe = document.querySelector(`iframe[name=\"${iframeName}\"]`);\n    if (!iframe) {\n      iframe = document.createElement(\"iframe\");\n      iframe.name = iframeName;\n      iframe.style.display = \"none\";\n      document.body.appendChild(iframe);\n    }\n\n    const pardotForm = document.createElement(\"form\");\n    pardotForm.method = \"POST\";\n    pardotForm.action = formHandlerUrl;\n    pardotForm.target = iframeName;\n    pardotForm.style.display = \"none\";\n\n    const fields = {\n      email: email,\n      first_name: firstName,\n      last_name: lastName,\n      phone: phone,\n      country: country,\n      company: company || \"N\u00e3o informado\",\n      privacy: privacyAccepted,\n      brochure_slug: brochureSlug\n    };\n\n    Object.keys(fields).forEach(function (key) {\n      const input = document.createElement(\"input\");\n      input.type = \"hidden\";\n      input.name = key;\n      input.value = fields[key];\n      pardotForm.appendChild(input);\n    });\n\n    document.body.appendChild(pardotForm);\n    pardotForm.submit();\n\n    setTimeout(function () {\n      window.location.href = brochureMap[brochureSlug];\n      form.reset();\n      pardotForm.remove();\n    }, 800);\n\n  }, true);\n});\n<\/script>\n\n<script>\ndocument.addEventListener(\"DOMContentLoaded\", function () {\n  const params = new URLSearchParams(window.location.search);\n  const brochureSlug = params.get(\"brochure\");\n\n  const titleWidget = document.querySelector(\"#hero-title\");\n  const subtitleWidget = document.querySelector(\"#hero-subtitle\");\n\n  const heroTitle =\n    titleWidget?.querySelector(\".elementor-heading-title\") ||\n    titleWidget;\n\n  const heroSubtitle =\n    subtitleWidget?.querySelector(\".elementor-heading-title\") ||\n    subtitleWidget;\n\n  const contentMap = {\n    \"retail-payments-por\": {\n      title: \"A solu\u00e7\u00e3o que est\u00e1 redefinindo os pagamentos no varejo chegou\",\n      subtitle: \"Otimize experi\u00eancias de pagamento, acelere transa\u00e7\u00f5es e entregue uma opera\u00e7\u00e3o mais inteligente, \u00e1gil e segura para o seu neg\u00f3cio.\"\n    },\n\n    \"solucoes-b2b-para-gestao-de-fornecedores\": {\n      title: \"Centralize, automatize e escale suas opera\u00e7\u00f5es B2B a partir de uma \u00fanica plataforma\",\n      subtitle: \"Transforme a gest\u00e3o de fornecedores, otimize processos cr\u00edticos e conquiste maior controle operacional com tecnologia feita para crescer com voc\u00ea.\"\n    },\n\n    \"solucoes-para-lojas-e-tesouraria\": {\n      title: \"A maneira mais inteligente de conectar lojas, tesouraria e opera\u00e7\u00f5es financeiras\",\n      subtitle: \"Tenha uma opera\u00e7\u00e3o financeira mais eficiente e simplifique processos-chave para melhorar produtividade, controle e visibilidade.\"\n    }\n  };\n\n  if (brochureSlug && contentMap[brochureSlug]) {\n    heroTitle.textContent = contentMap[brochureSlug].title;\n    heroSubtitle.textContent = contentMap[brochureSlug].subtitle;\n  }\n});\n<\/script>\t\t\t\t<\/div>\n\t\t\t\t<\/div>\n\t\t\t\t\t<\/div>\n\t\t\t\t<\/div>\n\t\t\t\t<\/div>\n\t\t","protected":false},"excerpt":{"rendered":"<p>Conte\u00fado especializado Evertec T\u00edtulo T\u00edtulo T\u00edtulo T\u00edtulo T\u00edtulo Subtitulo Subtitulo Subtitulo Subtitulo Subtitulo Subtitulo<\/p>\n","protected":false},"author":6,"featured_media":0,"parent":0,"menu_order":0,"comment_status":"closed","ping_status":"closed","template":"","meta":{"hero_title":"","footnotes":""},"class_list":["post-25180","page","type-page","status-publish","hentry"],"yoast_head":"<!-- This site is optimized with the Yoast SEO plugin v25.3 - https:\/\/yoast.com\/wordpress\/plugins\/seo\/ -->\n<title>Brochure - Evertec<\/title>\n<meta name=\"robots\" content=\"index, follow, max-snippet:-1, max-image-preview:large, max-video-preview:-1\" \/>\n<link rel=\"canonical\" href=\"https:\/\/evertecinc.com\/pt-br\/brochure\/\" \/>\n<meta property=\"og:locale\" content=\"pt_BR\" \/>\n<meta property=\"og:type\" content=\"article\" \/>\n<meta property=\"og:title\" content=\"Brochure - Evertec\" \/>\n<meta property=\"og:description\" content=\"Conte\u00fado especializado Evertec T\u00edtulo T\u00edtulo T\u00edtulo T\u00edtulo T\u00edtulo Subtitulo Subtitulo Subtitulo Subtitulo Subtitulo Subtitulo\" \/>\n<meta property=\"og:url\" content=\"https:\/\/evertecinc.com\/pt-br\/brochure\/\" \/>\n<meta property=\"og:site_name\" content=\"Evertec\" \/>\n<meta property=\"article:modified_time\" content=\"2026-05-11T06:43:39+00:00\" \/>\n<meta property=\"og:image\" content=\"https:\/\/evertecinc.com\/pt-br\/wp-content\/uploads\/share-og.png\" \/>\n\t<meta property=\"og:image:width\" content=\"1200\" \/>\n\t<meta property=\"og:image:height\" content=\"628\" \/>\n\t<meta property=\"og:image:type\" content=\"image\/png\" \/>\n<meta name=\"twitter:card\" content=\"summary_large_image\" \/>\n<meta name=\"twitter:image\" content=\"https:\/\/evertecinc.com\/pt-br\/wp-content\/uploads\/share-og.png\" \/>\n<meta name=\"twitter:label1\" content=\"Est. tempo de leitura\" \/>\n\t<meta name=\"twitter:data1\" content=\"1 minuto\" \/>\n<script type=\"application\/ld+json\" class=\"yoast-schema-graph\">{\"@context\":\"https:\/\/schema.org\",\"@graph\":[{\"@type\":\"WebPage\",\"@id\":\"https:\/\/evertecinc.com\/pt-br\/brochure\/\",\"url\":\"https:\/\/evertecinc.com\/pt-br\/brochure\/\",\"name\":\"Brochure - Evertec\",\"isPartOf\":{\"@id\":\"https:\/\/evertecinc.com\/pt-br\/#website\"},\"datePublished\":\"2026-05-10T16:34:07+00:00\",\"dateModified\":\"2026-05-11T06:43:39+00:00\",\"breadcrumb\":{\"@id\":\"https:\/\/evertecinc.com\/pt-br\/brochure\/#breadcrumb\"},\"inLanguage\":\"pt-BR\",\"potentialAction\":[{\"@type\":\"ReadAction\",\"target\":[\"https:\/\/evertecinc.com\/pt-br\/brochure\/\"]}]},{\"@type\":\"BreadcrumbList\",\"@id\":\"https:\/\/evertecinc.com\/pt-br\/brochure\/#breadcrumb\",\"itemListElement\":[{\"@type\":\"ListItem\",\"position\":1,\"name\":\"Portada\",\"item\":\"https:\/\/evertecinc.com\/pt-br\/\"},{\"@type\":\"ListItem\",\"position\":2,\"name\":\"Brochure\"}]},{\"@type\":\"WebSite\",\"@id\":\"https:\/\/evertecinc.com\/pt-br\/#website\",\"url\":\"https:\/\/evertecinc.com\/pt-br\/\",\"name\":\"Evertec\",\"description\":\"Combinamos seguridad y escalabilidad con el portafolio m\u00e1s completo de soluciones para transformar empresas de todos los tama\u00f1os.\",\"publisher\":{\"@id\":\"https:\/\/evertecinc.com\/pt-br\/#organization\"},\"potentialAction\":[{\"@type\":\"SearchAction\",\"target\":{\"@type\":\"EntryPoint\",\"urlTemplate\":\"https:\/\/evertecinc.com\/pt-br\/?s={search_term_string}\"},\"query-input\":{\"@type\":\"PropertyValueSpecification\",\"valueRequired\":true,\"valueName\":\"search_term_string\"}}],\"inLanguage\":\"pt-BR\"},{\"@type\":\"Organization\",\"@id\":\"https:\/\/evertecinc.com\/pt-br\/#organization\",\"name\":\"Evertec\",\"url\":\"https:\/\/evertecinc.com\/pt-br\/\",\"logo\":{\"@type\":\"ImageObject\",\"inLanguage\":\"pt-BR\",\"@id\":\"https:\/\/evertecinc.com\/pt-br\/#\/schema\/logo\/image\/\",\"url\":\"https:\/\/evertecinc.com\/wp-content\/uploads\/2025\/05\/logo.svg\",\"contentUrl\":\"https:\/\/evertecinc.com\/wp-content\/uploads\/2025\/05\/logo.svg\",\"width\":200,\"height\":40,\"caption\":\"Evertec\"},\"image\":{\"@id\":\"https:\/\/evertecinc.com\/pt-br\/#\/schema\/logo\/image\/\"}}]}<\/script>\n<!-- \/ Yoast SEO plugin. -->","yoast_head_json":{"title":"Brochure - Evertec","robots":{"index":"index","follow":"follow","max-snippet":"max-snippet:-1","max-image-preview":"max-image-preview:large","max-video-preview":"max-video-preview:-1"},"canonical":"https:\/\/evertecinc.com\/pt-br\/brochure\/","og_locale":"pt_BR","og_type":"article","og_title":"Brochure - Evertec","og_description":"Conte\u00fado especializado Evertec T\u00edtulo T\u00edtulo T\u00edtulo T\u00edtulo T\u00edtulo Subtitulo Subtitulo Subtitulo Subtitulo Subtitulo Subtitulo","og_url":"https:\/\/evertecinc.com\/pt-br\/brochure\/","og_site_name":"Evertec","article_modified_time":"2026-05-11T06:43:39+00:00","og_image":[{"width":1200,"height":628,"url":"https:\/\/evertecinc.com\/pt-br\/wp-content\/uploads\/share-og.png","type":"image\/png"}],"twitter_card":"summary_large_image","twitter_image":"https:\/\/evertecinc.com\/pt-br\/wp-content\/uploads\/share-og.png","twitter_misc":{"Est. tempo de leitura":"1 minuto"},"schema":{"@context":"https:\/\/schema.org","@graph":[{"@type":"WebPage","@id":"https:\/\/evertecinc.com\/pt-br\/brochure\/","url":"https:\/\/evertecinc.com\/pt-br\/brochure\/","name":"Brochure - Evertec","isPartOf":{"@id":"https:\/\/evertecinc.com\/pt-br\/#website"},"datePublished":"2026-05-10T16:34:07+00:00","dateModified":"2026-05-11T06:43:39+00:00","breadcrumb":{"@id":"https:\/\/evertecinc.com\/pt-br\/brochure\/#breadcrumb"},"inLanguage":"pt-BR","potentialAction":[{"@type":"ReadAction","target":["https:\/\/evertecinc.com\/pt-br\/brochure\/"]}]},{"@type":"BreadcrumbList","@id":"https:\/\/evertecinc.com\/pt-br\/brochure\/#breadcrumb","itemListElement":[{"@type":"ListItem","position":1,"name":"Portada","item":"https:\/\/evertecinc.com\/pt-br\/"},{"@type":"ListItem","position":2,"name":"Brochure"}]},{"@type":"WebSite","@id":"https:\/\/evertecinc.com\/pt-br\/#website","url":"https:\/\/evertecinc.com\/pt-br\/","name":"Evertec","description":"Combinamos seguridad y escalabilidad con el portafolio m\u00e1s completo de soluciones para transformar empresas de todos los tama\u00f1os.","publisher":{"@id":"https:\/\/evertecinc.com\/pt-br\/#organization"},"potentialAction":[{"@type":"SearchAction","target":{"@type":"EntryPoint","urlTemplate":"https:\/\/evertecinc.com\/pt-br\/?s={search_term_string}"},"query-input":{"@type":"PropertyValueSpecification","valueRequired":true,"valueName":"search_term_string"}}],"inLanguage":"pt-BR"},{"@type":"Organization","@id":"https:\/\/evertecinc.com\/pt-br\/#organization","name":"Evertec","url":"https:\/\/evertecinc.com\/pt-br\/","logo":{"@type":"ImageObject","inLanguage":"pt-BR","@id":"https:\/\/evertecinc.com\/pt-br\/#\/schema\/logo\/image\/","url":"https:\/\/evertecinc.com\/wp-content\/uploads\/2025\/05\/logo.svg","contentUrl":"https:\/\/evertecinc.com\/wp-content\/uploads\/2025\/05\/logo.svg","width":200,"height":40,"caption":"Evertec"},"image":{"@id":"https:\/\/evertecinc.com\/pt-br\/#\/schema\/logo\/image\/"}}]}},"_links":{"self":[{"href":"https:\/\/evertecinc.com\/pt-br\/wp-json\/wp\/v2\/pages\/25180","targetHints":{"allow":["GET"]}}],"collection":[{"href":"https:\/\/evertecinc.com\/pt-br\/wp-json\/wp\/v2\/pages"}],"about":[{"href":"https:\/\/evertecinc.com\/pt-br\/wp-json\/wp\/v2\/types\/page"}],"author":[{"embeddable":true,"href":"https:\/\/evertecinc.com\/pt-br\/wp-json\/wp\/v2\/users\/6"}],"replies":[{"embeddable":true,"href":"https:\/\/evertecinc.com\/pt-br\/wp-json\/wp\/v2\/comments?post=25180"}],"version-history":[{"count":10,"href":"https:\/\/evertecinc.com\/pt-br\/wp-json\/wp\/v2\/pages\/25180\/revisions"}],"predecessor-version":[{"id":25210,"href":"https:\/\/evertecinc.com\/pt-br\/wp-json\/wp\/v2\/pages\/25180\/revisions\/25210"}],"wp:attachment":[{"href":"https:\/\/evertecinc.com\/pt-br\/wp-json\/wp\/v2\/media?parent=25180"}],"curies":[{"name":"wp","href":"https:\/\/api.w.org\/{rel}","templated":true}]}}